{"id":4817,"date":"2022-06-10T14:34:22","date_gmt":"2022-06-10T14:34:22","guid":{"rendered":"https:\/\/laiaswimwear.com\/index.php\/product\/conjunto-corazon-copy-copy-2-copy-copy-copy-copy\/"},"modified":"2025-09-04T19:06:36","modified_gmt":"2025-09-04T19:06:36","slug":"conjunto-corazon-copy-copy-2-copy-copy-copy-copy","status":"publish","type":"product","link":"https:\/\/laiaswimwear.com\/index.php\/product\/conjunto-corazon-copy-copy-2-copy-copy-copy-copy\/","title":{"rendered":"TWO XTREME"},"content":{"rendered":"<blockquote><p>&nbsp;<\/p><\/blockquote>\n","protected":false},"excerpt":{"rendered":"<h3 style=\"text-align: center;\">TWO XTREME<\/h3>\n<p style=\"text-align: center;\">Faja con dos usos, sujeci\u00f3n extrema<\/p>\n<p style=\"text-align: center;\"><b><i>MOLDE\u00d3 DE CINTURA\u00a0<\/i><\/b><\/p>\n<p style=\"text-align: center;\">T\u00fa decides c\u00f3mo llevarla, con el\u00e1sticos o sin ellos<\/p>\n<p>Recomendada para ni\u00f1as acostumbradas a llevar fajas.Puedes utilizarlas en tus entrenamientos, trabajo o estar por casa<\/p>\n<p style=\"text-align: center;\"><strong>GU\u00cdA DE TALLAS\u00a0<\/strong><\/p>\n<p style=\"text-align: center;\">45-50cm de cintura \u00a0\/ 3xs<\/p>\n<p style=\"text-align: center;\">50-55cm \/ 2Xs<\/p>\n<p style=\"text-align: center;\">60-65cm \/ XS<\/p>\n<p style=\"text-align: center;\">65-70 Cm \/ S<\/p>\n<p style=\"text-align: center;\">70 &#8211; 75cm \/ M<\/p>\n<p style=\"text-align: center;\">75-85 cm\u00a0\u00a0\/ L<\/p>\n<p style=\"text-align: center;\">La tabla de medidas corresponde con el tallaje de las fajas anteriores<\/p>\n<h6><em>MEDIDAS DE LA FAJA<\/em><\/h6>\n<h6><em>3xs \u00a0&#8211; 20 Cm de largo<\/em><\/h6>\n<h6><em>2Xs &#8211; 22 Cm<\/em><\/h6>\n<h6><em>Xs &#8211; 24 Cm<\/em><\/h6>\n<h6><em>S &#8211; \u00a026 Cm<\/em><\/h6>\n<h6><em>M &#8211; 28 cm<\/em><\/h6>\n<h6><em>L &#8211; 30 Cm<\/em><\/h6>\n<p>Modelo 1 lleva puesto la 2xs<\/p>\n<p>Modelo 2 lleva puesto la S<\/p>\n<p>&nbsp;<\/p>\n","protected":false},"featured_media":4832,"comment_status":"open","ping_status":"closed","template":"","meta":[],"product_cat":[39,128],"product_tag":[134],"class_list":{"0":"post-4817","1":"product","2":"type-product","3":"status-publish","4":"has-post-thumbnail","6":"product_cat-faja-deportiva","7":"product_cat-rebajas-2025","8":"product_tag-10-6-22","10":"first","11":"instock","12":"sale","13":"taxable","14":"shipping-taxable","15":"purchasable","16":"product-type-variable"},"aioseo_notices":[],"_links":{"self":[{"href":"https:\/\/laiaswimwear.com\/index.php\/wp-json\/wp\/v2\/product\/4817","targetHints":{"allow":["GET"]}}],"collection":[{"href":"https:\/\/laiaswimwear.com\/index.php\/wp-json\/wp\/v2\/product"}],"about":[{"href":"https:\/\/laiaswimwear.com\/index.php\/wp-json\/wp\/v2\/types\/product"}],"replies":[{"embeddable":true,"href":"https:\/\/laiaswimwear.com\/index.php\/wp-json\/wp\/v2\/comments?post=4817"}],"wp:featuredmedia":[{"embeddable":true,"href":"https:\/\/laiaswimwear.com\/index.php\/wp-json\/wp\/v2\/media\/4832"}],"wp:attachment":[{"href":"https:\/\/laiaswimwear.com\/index.php\/wp-json\/wp\/v2\/media?parent=4817"}],"wp:term":[{"taxonomy":"product_cat","embeddable":true,"href":"https:\/\/laiaswimwear.com\/index.php\/wp-json\/wp\/v2\/product_cat?post=4817"},{"taxonomy":"product_tag","embeddable":true,"href":"https:\/\/laiaswimwear.com\/index.php\/wp-json\/wp\/v2\/product_tag?post=4817"}],"curies":[{"name":"wp","href":"https:\/\/api.w.org\/{rel}","templated":true}]}}