{"id":4800,"date":"2025-01-28T18:00:20","date_gmt":"2025-01-28T18:00:20","guid":{"rendered":"https:\/\/laiaswimwear.com\/index.php\/product\/conjunto-corazon-copy-copy-2-copy-copy-copy\/"},"modified":"2025-10-08T16:10:06","modified_gmt":"2025-10-08T16:10:06","slug":"conjunto-corazon-copy-copy-2-copy-copy-copy","status":"publish","type":"product","link":"https:\/\/laiaswimwear.com\/index.php\/product\/conjunto-corazon-copy-copy-2-copy-copy-copy\/","title":{"rendered":"RELOJ DE ARENA"},"content":{"rendered":"<blockquote>\n<p style=\"text-align: left;\">\n<\/blockquote>\n","protected":false},"excerpt":{"rendered":"<h5 style=\"text-align: left;\"><\/h5>\n<p style=\"text-align: center;\"><strong><em>MODELO RECOMENDADO PARA SER PRIMERA FAJA\u00a0<\/em><\/strong><\/p>\n<p>\u00a1Moldea tu figura y luce una cintura de impacto!<\/p>\n<p>Nuestra Cinturilla Reloj de Arena est\u00e1 dise\u00f1ada para resaltar tus curvas, definir tu cintura y ayudarte a conseguir esa silueta perfecta que roba miradas.<\/p>\n<p>\u2728 Por qu\u00e9 te encantar\u00e1:<\/p>\n<ul>\n<li>Moldea tu cintura al instante.<\/li>\n<li>Mejora tu postura y realza tus curvas.<\/li>\n<li>Material c\u00f3modo, flexible y transpirable: \u00a1olv\u00eddate de la incomodidad!<\/li>\n<li>3 niveles de ajuste para acompa\u00f1arte en tu progreso d\u00eda a d\u00eda.<\/li>\n<li>Ideal para usar en casa, en el gym o bajo tu ropa favorita.<\/li>\n<\/ul>\n<p>Resultados visibles desde el primer uso.<\/p>\n<p>Siente la diferencia, luce segura y empoderada con LAIA.<\/p>\n<p>\u00a1Consigue la tuya hoy y presume tu figura reloj de arena!<\/p>\n<p>&nbsp;<\/p>\n<p>&nbsp;<\/p>\n<p>&nbsp;<\/p>\n","protected":false},"featured_media":7674,"comment_status":"open","ping_status":"closed","template":"","meta":[],"product_cat":[125,39],"product_tag":[],"class_list":{"0":"post-4800","1":"product","2":"type-product","3":"status-publish","4":"has-post-thumbnail","6":"product_cat-coleccion-2025","7":"product_cat-faja-deportiva","9":"first","10":"instock","11":"taxable","12":"shipping-taxable","13":"purchasable","14":"product-type-variable"},"aioseo_notices":[],"_links":{"self":[{"href":"https:\/\/laiaswimwear.com\/index.php\/wp-json\/wp\/v2\/product\/4800","targetHints":{"allow":["GET"]}}],"collection":[{"href":"https:\/\/laiaswimwear.com\/index.php\/wp-json\/wp\/v2\/product"}],"about":[{"href":"https:\/\/laiaswimwear.com\/index.php\/wp-json\/wp\/v2\/types\/product"}],"replies":[{"embeddable":true,"href":"https:\/\/laiaswimwear.com\/index.php\/wp-json\/wp\/v2\/comments?post=4800"}],"wp:featuredmedia":[{"embeddable":true,"href":"https:\/\/laiaswimwear.com\/index.php\/wp-json\/wp\/v2\/media\/7674"}],"wp:attachment":[{"href":"https:\/\/laiaswimwear.com\/index.php\/wp-json\/wp\/v2\/media?parent=4800"}],"wp:term":[{"taxonomy":"product_cat","embeddable":true,"href":"https:\/\/laiaswimwear.com\/index.php\/wp-json\/wp\/v2\/product_cat?post=4800"},{"taxonomy":"product_tag","embeddable":true,"href":"https:\/\/laiaswimwear.com\/index.php\/wp-json\/wp\/v2\/product_tag?post=4800"}],"curies":[{"name":"wp","href":"https:\/\/api.w.org\/{rel}","templated":true}]}}