{"id":3820,"date":"2023-06-14T21:07:08","date_gmt":"2023-06-14T21:07:08","guid":{"rendered":"https:\/\/laiaswimwear.com\/?post_type=product&#038;p=3820"},"modified":"2025-02-04T16:08:37","modified_gmt":"2025-02-04T16:08:37","slug":"copy-copy-copy-copy-copy-copy-copy-copy","status":"publish","type":"product","link":"https:\/\/laiaswimwear.com\/index.php\/product\/copy-copy-copy-copy-copy-copy-copy-copy\/","title":{"rendered":"BASIC LIGHT PINK"},"content":{"rendered":"<p>Bikini b\u00e1sico con un dise\u00f1o especial, ideal para brocearte.<\/p>\n<p>Detalles hechos a mano,con tejidos metalizados y sin posibilidad de reposici\u00f3n<\/p>\n<p>Piezas \u00fanicas con unidades limitadas<\/p>\n","protected":false},"excerpt":{"rendered":"<p>Bikini b\u00e1sico con un dise\u00f1o especial, ideal para brocearte. Detalles hechos a mano,con tejidos metalizados y sin posibilidad de reposici\u00f3n Piezas \u00fanicas con unidades limitadas<\/p>\n","protected":false},"featured_media":3904,"comment_status":"open","ping_status":"closed","template":"","meta":[],"product_cat":[15,128],"product_tag":[],"class_list":{"0":"post-3820","1":"product","2":"type-product","3":"status-publish","4":"has-post-thumbnail","6":"product_cat-uncategorized","7":"product_cat-rebajas-2025","9":"first","10":"instock","11":"taxable","12":"shipping-taxable","13":"purchasable","14":"product-type-variable"},"aioseo_notices":[],"_links":{"self":[{"href":"https:\/\/laiaswimwear.com\/index.php\/wp-json\/wp\/v2\/product\/3820","targetHints":{"allow":["GET"]}}],"collection":[{"href":"https:\/\/laiaswimwear.com\/index.php\/wp-json\/wp\/v2\/product"}],"about":[{"href":"https:\/\/laiaswimwear.com\/index.php\/wp-json\/wp\/v2\/types\/product"}],"replies":[{"embeddable":true,"href":"https:\/\/laiaswimwear.com\/index.php\/wp-json\/wp\/v2\/comments?post=3820"}],"wp:featuredmedia":[{"embeddable":true,"href":"https:\/\/laiaswimwear.com\/index.php\/wp-json\/wp\/v2\/media\/3904"}],"wp:attachment":[{"href":"https:\/\/laiaswimwear.com\/index.php\/wp-json\/wp\/v2\/media?parent=3820"}],"wp:term":[{"taxonomy":"product_cat","embeddable":true,"href":"https:\/\/laiaswimwear.com\/index.php\/wp-json\/wp\/v2\/product_cat?post=3820"},{"taxonomy":"product_tag","embeddable":true,"href":"https:\/\/laiaswimwear.com\/index.php\/wp-json\/wp\/v2\/product_tag?post=3820"}],"curies":[{"name":"wp","href":"https:\/\/api.w.org\/{rel}","templated":true}]}}