{"id":2069,"date":"2022-11-18T18:54:52","date_gmt":"2022-11-18T18:54:52","guid":{"rendered":"https:\/\/laiaswimwear.com\/?post_type=product&#038;p=2069"},"modified":"2025-09-28T10:38:43","modified_gmt":"2025-09-28T10:38:43","slug":"manga-corta-verde","status":"publish","type":"product","link":"https:\/\/laiaswimwear.com\/index.php\/product\/manga-corta-verde\/","title":{"rendered":"Green Set"},"content":{"rendered":"","protected":false},"excerpt":{"rendered":"<p>\u00danete a la revoluci\u00f3n de sentirse libre y sexy, los nuevos conjuntos de la colecci\u00f3n Sportswear 2022 que te har\u00e1n lucir como una reina del deporte.<\/p>\n<p>C\u00f3modos, ligeros y super el\u00e1sticos preparados para el deporte.<\/p>\n","protected":false},"featured_media":1932,"comment_status":"open","ping_status":"closed","template":"","meta":[],"product_cat":[128,41],"product_tag":[45],"class_list":{"0":"post-2069","1":"product","2":"type-product","3":"status-publish","4":"has-post-thumbnail","6":"product_cat-rebajas-2025","7":"product_cat-sportswear-22","8":"product_tag-verde","10":"first","11":"outofstock","12":"sale","13":"taxable","14":"shipping-taxable","15":"purchasable","16":"product-type-variable"},"aioseo_notices":[],"_links":{"self":[{"href":"https:\/\/laiaswimwear.com\/index.php\/wp-json\/wp\/v2\/product\/2069","targetHints":{"allow":["GET"]}}],"collection":[{"href":"https:\/\/laiaswimwear.com\/index.php\/wp-json\/wp\/v2\/product"}],"about":[{"href":"https:\/\/laiaswimwear.com\/index.php\/wp-json\/wp\/v2\/types\/product"}],"replies":[{"embeddable":true,"href":"https:\/\/laiaswimwear.com\/index.php\/wp-json\/wp\/v2\/comments?post=2069"}],"wp:featuredmedia":[{"embeddable":true,"href":"https:\/\/laiaswimwear.com\/index.php\/wp-json\/wp\/v2\/media\/1932"}],"wp:attachment":[{"href":"https:\/\/laiaswimwear.com\/index.php\/wp-json\/wp\/v2\/media?parent=2069"}],"wp:term":[{"taxonomy":"product_cat","embeddable":true,"href":"https:\/\/laiaswimwear.com\/index.php\/wp-json\/wp\/v2\/product_cat?post=2069"},{"taxonomy":"product_tag","embeddable":true,"href":"https:\/\/laiaswimwear.com\/index.php\/wp-json\/wp\/v2\/product_tag?post=2069"}],"curies":[{"name":"wp","href":"https:\/\/api.w.org\/{rel}","templated":true}]}}