{"id":2057,"date":"2022-11-15T18:49:19","date_gmt":"2022-11-15T18:49:19","guid":{"rendered":"https:\/\/laiaswimwear.com\/?post_type=product&#038;p=2057"},"modified":"2025-02-04T16:08:53","modified_gmt":"2025-02-04T16:08:53","slug":"manga-larga-marron","status":"publish","type":"product","link":"https:\/\/laiaswimwear.com\/index.php\/product\/manga-larga-marron\/","title":{"rendered":"Brown Long"},"content":{"rendered":"","protected":false},"excerpt":{"rendered":"<p>\u00danete a la revoluci\u00f3n de sentirse libre y sexy, los nuevos conjuntos de la colecci\u00f3n Sportswear 2022 que te har\u00e1n lucir como una reina del deporte.<\/p>\n<p>C\u00f3modos, ligeros y super el\u00e1sticos preparados para el deporte.<\/p>\n","protected":false},"featured_media":1970,"comment_status":"open","ping_status":"closed","template":"","meta":[],"product_cat":[128,41],"product_tag":[46],"class_list":{"0":"post-2057","1":"product","2":"type-product","3":"status-publish","4":"has-post-thumbnail","6":"product_cat-rebajas-2025","7":"product_cat-sportswear-22","8":"product_tag-marron","10":"first","11":"outofstock","12":"sale","13":"taxable","14":"shipping-taxable","15":"purchasable","16":"product-type-variable"},"aioseo_notices":[],"_links":{"self":[{"href":"https:\/\/laiaswimwear.com\/index.php\/wp-json\/wp\/v2\/product\/2057","targetHints":{"allow":["GET"]}}],"collection":[{"href":"https:\/\/laiaswimwear.com\/index.php\/wp-json\/wp\/v2\/product"}],"about":[{"href":"https:\/\/laiaswimwear.com\/index.php\/wp-json\/wp\/v2\/types\/product"}],"replies":[{"embeddable":true,"href":"https:\/\/laiaswimwear.com\/index.php\/wp-json\/wp\/v2\/comments?post=2057"}],"wp:featuredmedia":[{"embeddable":true,"href":"https:\/\/laiaswimwear.com\/index.php\/wp-json\/wp\/v2\/media\/1970"}],"wp:attachment":[{"href":"https:\/\/laiaswimwear.com\/index.php\/wp-json\/wp\/v2\/media?parent=2057"}],"wp:term":[{"taxonomy":"product_cat","embeddable":true,"href":"https:\/\/laiaswimwear.com\/index.php\/wp-json\/wp\/v2\/product_cat?post=2057"},{"taxonomy":"product_tag","embeddable":true,"href":"https:\/\/laiaswimwear.com\/index.php\/wp-json\/wp\/v2\/product_tag?post=2057"}],"curies":[{"name":"wp","href":"https:\/\/api.w.org\/{rel}","templated":true}]}}