{"id":2039,"date":"2022-11-12T18:37:39","date_gmt":"2022-11-12T18:37:39","guid":{"rendered":"https:\/\/laiaswimwear.com\/?post_type=product&#038;p=2039"},"modified":"2025-02-04T16:09:11","modified_gmt":"2025-02-04T16:09:11","slug":"tira-ancha-verde-claro","status":"publish","type":"product","link":"https:\/\/laiaswimwear.com\/index.php\/product\/tira-ancha-verde-claro\/","title":{"rendered":"Tira Ancha Light Green"},"content":{"rendered":"","protected":false},"excerpt":{"rendered":"<p>\u00danete a la revoluci\u00f3n de sentirse libre y sexy, los nuevos conjuntos de la colecci\u00f3n Sportswear 2022 que te har\u00e1n lucir como una reina del deporte.<\/p>\n<p>C\u00f3modos, ligeros y super el\u00e1sticos preparados para el deporte.<\/p>\n","protected":false},"featured_media":2011,"comment_status":"open","ping_status":"closed","template":"","meta":[],"product_cat":[128,41],"product_tag":[48],"class_list":{"0":"post-2039","1":"product","2":"type-product","3":"status-publish","4":"has-post-thumbnail","6":"product_cat-rebajas-2025","7":"product_cat-sportswear-22","8":"product_tag-verde-claro","10":"first","11":"instock","12":"sale","13":"taxable","14":"shipping-taxable","15":"purchasable","16":"product-type-variable"},"aioseo_notices":[],"_links":{"self":[{"href":"https:\/\/laiaswimwear.com\/index.php\/wp-json\/wp\/v2\/product\/2039","targetHints":{"allow":["GET"]}}],"collection":[{"href":"https:\/\/laiaswimwear.com\/index.php\/wp-json\/wp\/v2\/product"}],"about":[{"href":"https:\/\/laiaswimwear.com\/index.php\/wp-json\/wp\/v2\/types\/product"}],"replies":[{"embeddable":true,"href":"https:\/\/laiaswimwear.com\/index.php\/wp-json\/wp\/v2\/comments?post=2039"}],"wp:featuredmedia":[{"embeddable":true,"href":"https:\/\/laiaswimwear.com\/index.php\/wp-json\/wp\/v2\/media\/2011"}],"wp:attachment":[{"href":"https:\/\/laiaswimwear.com\/index.php\/wp-json\/wp\/v2\/media?parent=2039"}],"wp:term":[{"taxonomy":"product_cat","embeddable":true,"href":"https:\/\/laiaswimwear.com\/index.php\/wp-json\/wp\/v2\/product_cat?post=2039"},{"taxonomy":"product_tag","embeddable":true,"href":"https:\/\/laiaswimwear.com\/index.php\/wp-json\/wp\/v2\/product_tag?post=2039"}],"curies":[{"name":"wp","href":"https:\/\/api.w.org\/{rel}","templated":true}]}}