{"id":96,"date":"2021-05-31T07:38:32","date_gmt":"2021-05-31T07:38:32","guid":{"rendered":"https:\/\/laiaswimwear.com\/?page_id=96"},"modified":"2024-05-01T21:15:38","modified_gmt":"2024-05-01T21:15:38","slug":"politica-privacidad-copy-copy-copy","status":"publish","type":"page","link":"https:\/\/laiaswimwear.com\/index.php\/politica-privacidad-copy-copy-copy\/","title":{"rendered":"Pol\u00edtica de cancelaciones"},"content":{"rendered":"\t\t<div data-elementor-type=\"wp-page\" data-elementor-id=\"96\" class=\"elementor elementor-96\">\n\t\t\t\t\t\t<section class=\"elementor-section elementor-top-section elementor-element elementor-element-4704a9d0 elementor-section-boxed elementor-section-height-default elementor-section-height-default\" data-id=\"4704a9d0\" data-element_type=\"section\" data-settings=\"{&quot;background_background&quot;:&quot;classic&quot;}\">\n\t\t\t\t\t\t\t<div class=\"elementor-background-overlay\"><\/div>\n\t\t\t\t\t\t\t<div class=\"elementor-container elementor-column-gap-default\">\n\t\t\t\t\t<div class=\"aux-parallax-section elementor-column elementor-col-100 elementor-top-column elementor-element elementor-element-303d53a1\" data-id=\"303d53a1\" data-element_type=\"column\">\n\t\t\t<div class=\"elementor-widget-wrap elementor-element-populated\">\n\t\t\t\t\t\t\t<\/div>\n\t\t<\/div>\n\t\t\t\t\t<\/div>\n\t\t<\/section>\n\t\t\t\t<section class=\"elementor-section elementor-top-section elementor-element elementor-element-263e054a elementor-section-boxed elementor-section-height-default elementor-section-height-default\" data-id=\"263e054a\" data-element_type=\"section\">\n\t\t\t\t\t\t<div class=\"elementor-container elementor-column-gap-default\">\n\t\t\t\t\t<div class=\"aux-parallax-section elementor-column elementor-col-100 elementor-top-column elementor-element elementor-element-3722ce6\" data-id=\"3722ce6\" data-element_type=\"column\">\n\t\t\t<div class=\"elementor-widget-wrap elementor-element-populated\">\n\t\t\t\t\t\t<div class=\"elementor-element elementor-element-1f7cd175 elementor-widget elementor-widget-text-editor\" data-id=\"1f7cd175\" data-element_type=\"widget\" data-widget_type=\"text-editor.default\">\n\t\t\t\t<div class=\"elementor-widget-container\">\n\t\t\t\t\t\t\t<p><!-- wp:heading --><\/p>\n<div class=\"gmail-shopify-policy__title\">\n<p>En los casos en que ud. considere que en el momento de la entrega del producto no se ajusta a lo estipulado en el contrato, tiene 14 d\u00edas desde que recibe su pedido para ponerse en contacto con nosotros mediante v\u00eda email Laiasw08@gmail.com<b>\u00a0<\/b>, facilitando los datos del producto y pedido, as\u00ed como el da\u00f1o que sufra, al que atenderemos de inmediato la forma de proceder. En cualquier caso ser\u00e1 necesario enviar en archivo adjunto al formulario la fotograf\u00eda del producto en\u00a0causa para evaluar si procede la devoluci\u00f3n parcial o \u00edntegra del importe. Se le facilitar\u00e1 por email los pasos a seguir para la devoluci\u00f3n.<\/p>\n<\/div>\n<p>Los reembolsos que se realicen mientras el pedido aun est\u00e1 en tr\u00e1nsito tendr\u00e1n una penalizaci\u00f3n del 21% por producto (IVA). No importa la diferencia de tiempo desde que se tramita el pedido, hasta que la reclamaci\u00f3n es efectuada. Ya sea 1 minuto o 25 d\u00edas despu\u00e9s del pago del pedido, la penalizaci\u00f3n de 21% seguir\u00e1 estando vigente.\u00a0<\/p>\n<p>Las devoluciones con reembolso se efectuar\u00e1n a trav\u00e9s del mismo m\u00e9todo de pago o en su defecto por transferencia bancaria.<\/p>\n<p>En caso de direcci\u00f3n err\u00f3nea o transcurridos 15 d\u00edas de la recepci\u00f3n del paquete en la agencia MRW, y en caso que despu\u00e9s de varios avisos por parte de MRW, el paquete no fuera recogido por parte del cliente, y por ende, reenviado a origen, LS no se har\u00e1 cargo del reembolso de dicho pedido. En caso de que el cliente quiera volver a recibir dicho pedido, deber\u00e1 abonar el 50% del valor del pedido como suplemento, a una cuenta que nosotros mismos aportamos al cliente, y de esta manera, LS volver\u00e1 a enviar dicho paquete a su destinatario.<\/p>\n<p>Se aceptan cambios de color, tama\u00f1o, modelo\u2026 siempre que sea antes de enviar dicho paquete. Si se exige el cambio despu\u00e9s de enviar dicho pedido, el cliente correr\u00e1 con los costes de 5,90\u20ac del cambio.<\/p>\n<p>LS no se hace responsable de cualquier problema acu\u00e1tico que sufra alguno de nuestros productos, ya que especificamos perfectamente los l\u00edmites de estos frente al agua o humedad en nuestra p\u00e1gina de productos o atenci\u00f3n al cliente.\u00a0<\/p>\n<p>Tan solo se proceder\u00e1 al cambio o reembolso en caso de error por parte de LS, c\u00f3mo enviar un color que el cliente no hab\u00eda pedido o enviar un modelo que el cliente no hab\u00eda pedido. Cambiamos y reembolsamos cualquier tipo de producto que llegue en mal estado al cliente, para esto rogamos ponerse en contacto con nosotros v\u00eda email:Laiasw08@gmail.com<\/p>\n<p><span class=\"gmail-s1\">Para una devoluci\u00f3n, debe enviarnos un correo electr\u00f3nico a info@laiaswimwear.com<b>\u00a0<\/b><\/span>\u00a0Los gastos de env\u00edo no son reembolsables y el 21% de IVA sobre el pedido tampoco. Si recibe un reembolso, el cargo de devoluci\u00f3n se deducir\u00e1 de su reembolso.<\/p>\n<p class=\"gmail-p2\">La segunda devoluci\u00f3n correr\u00e1 con unos costes de 21,00\u20ac por producto, as\u00ed estipulado en nuestras bases legales, y tomar\u00e1 un periodo de m\u00e1s de 7 d\u00edas hasta que se tramite y se apruebe la incidencia.<\/p>\n<p>A titular:<\/p>\n<p>Ernestina Gordillo Duque<br \/>DNI: 23951348A<br \/>Calle Guillermo Roch 51B Puerta 19<br \/>46185 Pobla de vallbona ( Valencia)<br \/>673697361<\/p>\n<p><!-- \/wp:paragraph --><\/p>\t\t\t\t\t\t<\/div>\n\t\t\t\t<\/div>\n\t\t\t\t<section class=\"elementor-section elementor-inner-section elementor-element elementor-element-4878b382 elementor-section-full_width elementor-section-height-default elementor-section-height-default\" data-id=\"4878b382\" data-element_type=\"section\">\n\t\t\t\t\t\t<div class=\"elementor-container elementor-column-gap-default\">\n\t\t\t\t\t<div class=\"aux-parallax-section elementor-column elementor-col-33 elementor-inner-column elementor-element elementor-element-a3a9275 animated-slow elementor-invisible\" data-id=\"a3a9275\" data-element_type=\"column\" data-settings=\"{&quot;background_background&quot;:&quot;classic&quot;,&quot;animation&quot;:&quot;fadeInLeft&quot;}\">\n\t\t\t<div class=\"elementor-widget-wrap elementor-element-populated\">\n\t\t\t\t\t\t<div class=\"elementor-element elementor-element-446ea867 elementor-widget elementor-widget-spacer\" data-id=\"446ea867\" data-element_type=\"widget\" data-widget_type=\"spacer.default\">\n\t\t\t\t<div class=\"elementor-widget-container\">\n\t\t\t\t\t<div class=\"elementor-spacer\">\n\t\t\t<div class=\"elementor-spacer-inner\"><\/div>\n\t\t<\/div>\n\t\t\t\t<\/div>\n\t\t\t\t<\/div>\n\t\t\t\t\t<\/div>\n\t\t<\/div>\n\t\t\t\t<div class=\"aux-parallax-section elementor-column elementor-col-33 elementor-inner-column elementor-element elementor-element-5cf9869 animated-slow elementor-invisible\" data-id=\"5cf9869\" data-element_type=\"column\" data-settings=\"{&quot;background_background&quot;:&quot;classic&quot;,&quot;animation&quot;:&quot;fadeInUp&quot;}\">\n\t\t\t<div class=\"elementor-widget-wrap elementor-element-populated\">\n\t\t\t\t\t\t<div class=\"elementor-element elementor-element-40bd767 elementor-widget elementor-widget-spacer\" data-id=\"40bd767\" data-element_type=\"widget\" data-widget_type=\"spacer.default\">\n\t\t\t\t<div class=\"elementor-widget-container\">\n\t\t\t\t\t<div class=\"elementor-spacer\">\n\t\t\t<div class=\"elementor-spacer-inner\"><\/div>\n\t\t<\/div>\n\t\t\t\t<\/div>\n\t\t\t\t<\/div>\n\t\t\t\t\t<\/div>\n\t\t<\/div>\n\t\t\t\t<div class=\"aux-parallax-section elementor-column elementor-col-33 elementor-inner-column elementor-element elementor-element-27f73bd8 animated-slow elementor-invisible\" data-id=\"27f73bd8\" data-element_type=\"column\" data-settings=\"{&quot;background_background&quot;:&quot;classic&quot;,&quot;animation&quot;:&quot;fadeInRight&quot;}\">\n\t\t\t<div class=\"elementor-widget-wrap elementor-element-populated\">\n\t\t\t\t\t\t<div class=\"elementor-element elementor-element-30af0dbe elementor-widget elementor-widget-spacer\" data-id=\"30af0dbe\" data-element_type=\"widget\" data-widget_type=\"spacer.default\">\n\t\t\t\t<div class=\"elementor-widget-container\">\n\t\t\t\t\t<div class=\"elementor-spacer\">\n\t\t\t<div class=\"elementor-spacer-inner\"><\/div>\n\t\t<\/div>\n\t\t\t\t<\/div>\n\t\t\t\t<\/div>\n\t\t\t\t\t<\/div>\n\t\t<\/div>\n\t\t\t\t\t<\/div>\n\t\t<\/section>\n\t\t\t\t\t<\/div>\n\t\t<\/div>\n\t\t\t\t\t<\/div>\n\t\t<\/section>\n\t\t\t\t<\/div>\n\t\t","protected":false},"excerpt":{"rendered":"<p>En los casos en que ud. considere que en el momento de la entrega del producto no se ajusta a lo estipulado en el contrato, tiene 14 d\u00edas desde que recibe su pedido para ponerse en contacto con nosotros mediante v\u00eda email Laiasw08@gmail.com\u00a0, facilitando los datos del producto y pedido, as\u00ed como el da\u00f1o que [&hellip;]<\/p>\n","protected":false},"author":1,"featured_media":0,"parent":0,"menu_order":0,"comment_status":"closed","ping_status":"open","template":"elementor_header_footer","meta":{"footnotes":""},"class_list":["post-96","page","type-page","status-publish","hentry"],"aioseo_notices":[],"_links":{"self":[{"href":"https:\/\/laiaswimwear.com\/index.php\/wp-json\/wp\/v2\/pages\/96","targetHints":{"allow":["GET"]}}],"collection":[{"href":"https:\/\/laiaswimwear.com\/index.php\/wp-json\/wp\/v2\/pages"}],"about":[{"href":"https:\/\/laiaswimwear.com\/index.php\/wp-json\/wp\/v2\/types\/page"}],"author":[{"embeddable":true,"href":"https:\/\/laiaswimwear.com\/index.php\/wp-json\/wp\/v2\/users\/1"}],"replies":[{"embeddable":true,"href":"https:\/\/laiaswimwear.com\/index.php\/wp-json\/wp\/v2\/comments?post=96"}],"version-history":[{"count":0,"href":"https:\/\/laiaswimwear.com\/index.php\/wp-json\/wp\/v2\/pages\/96\/revisions"}],"wp:attachment":[{"href":"https:\/\/laiaswimwear.com\/index.php\/wp-json\/wp\/v2\/media?parent=96"}],"curies":[{"name":"wp","href":"https:\/\/api.w.org\/{rel}","templated":true}]}}