{"id":3,"date":"2021-05-08T12:51:50","date_gmt":"2021-05-08T12:51:50","guid":{"rendered":"http:\/\/laiaswimwear.com\/?page_id=3"},"modified":"2024-05-01T21:15:48","modified_gmt":"2024-05-01T21:15:48","slug":"politica-privacidad","status":"publish","type":"page","link":"https:\/\/laiaswimwear.com\/index.php\/politica-privacidad\/","title":{"rendered":"Pol\u00edtica de privacidad"},"content":{"rendered":"\t\t<div data-elementor-type=\"wp-page\" data-elementor-id=\"3\" class=\"elementor elementor-3\">\n\t\t\t\t\t\t<section class=\"elementor-section elementor-top-section elementor-element elementor-element-dd903d6 elementor-section-boxed elementor-section-height-default elementor-section-height-default\" data-id=\"dd903d6\" data-element_type=\"section\" data-settings=\"{&quot;background_background&quot;:&quot;classic&quot;}\">\n\t\t\t\t\t\t\t<div class=\"elementor-background-overlay\"><\/div>\n\t\t\t\t\t\t\t<div class=\"elementor-container elementor-column-gap-default\">\n\t\t\t\t\t<div class=\"aux-parallax-section elementor-column elementor-col-100 elementor-top-column elementor-element elementor-element-7a0d746f\" data-id=\"7a0d746f\" data-element_type=\"column\">\n\t\t\t<div class=\"elementor-widget-wrap elementor-element-populated\">\n\t\t\t\t\t\t\t<\/div>\n\t\t<\/div>\n\t\t\t\t\t<\/div>\n\t\t<\/section>\n\t\t\t\t<section class=\"elementor-section elementor-top-section elementor-element elementor-element-22f70c85 elementor-section-boxed elementor-section-height-default elementor-section-height-default\" data-id=\"22f70c85\" data-element_type=\"section\">\n\t\t\t\t\t\t<div class=\"elementor-container elementor-column-gap-default\">\n\t\t\t\t\t<div class=\"aux-parallax-section elementor-column elementor-col-100 elementor-top-column elementor-element elementor-element-13baba72\" data-id=\"13baba72\" data-element_type=\"column\">\n\t\t\t<div class=\"elementor-widget-wrap elementor-element-populated\">\n\t\t\t\t\t\t<div class=\"elementor-element elementor-element-576932af elementor-widget elementor-widget-text-editor\" data-id=\"576932af\" data-element_type=\"widget\" data-widget_type=\"text-editor.default\">\n\t\t\t\t<div class=\"elementor-widget-container\">\n\t\t\t\t\t\t\t<!-- wp:heading -->\n<div class=\"gmail-shopify-policy__title\">\n<div class=\"gmail-shopify-policy__title\">\n<p>SECCI\u00d3N 1 \u2013 \u00bfQU\u00c9 HACEMOS CON TU INFORMACI\u00d3N?\u00a0<\/p>\n<p>Cuando compras algo de nuestra tienda, como parte del proceso de compra venta, nosotros recolectamos la informaci\u00f3n personal que nos da\u00a0<\/p>\n<p>cuentos como nombre, direcci\u00f3n y correo electr\u00f3nico.\u00a0<\/p>\n<p>Cuando navegas en nuestra tienda, tambi\u00e9n recibimos de manera autom\u00e1tica la direcci\u00f3n de protocolo de internet de tu computadora (IP)\u00a0<\/p>\n<p>con el fin de proporcionar informaci\u00f3n que nos ayuda a conocer acerca de su navegador y sistema operativo.\u00a0<\/p>\n<p>Email marketing: Con tu permiso, podremos enviar correos electr\u00f3nicos acerca de nuestra tienda, nuevos productos y otras actualizaciones\u00a0<\/p>\n<p>SECCI\u00d3N 2 \u2013 CONSENTIMIENTO \u00bf\u00a0C\u00f3mo\u00a0recibir\u00a0\u00a0<\/p>\n<p>mi consentimiento?<\/p>\n<p>Cuando nos demos su informaci\u00f3n personal para completar una confirmaci\u00f3n, verificar su tarjeta de cr\u00e9dito, crear una orden, concertar un env\u00edo o hacer una devoluci\u00f3n, implicamos que acepta la recolecci\u00f3n y uso por esa raz\u00f3n espec\u00edfica espec\u00edfica.\u00a0<\/p>\n<p>Si te pedimos tu informaci\u00f3n personal por una raz\u00f3n secundaria, como marketing, te pediremos directamente tu expreso consentimiento, o te daremos la oportunidad de negarte.\u00a0<\/p>\n<p>\u00bfC\u00f3mo puedo anular mi consentimiento?\u00a0<\/p>\n<p>Si luego de haber aceptado cambias de opini\u00f3n, puedes anular tu consentimiento para que te contactemos, por la recolecci\u00f3n, uso o divulgaci\u00f3n de tu informaci\u00f3n, en cualquier momento, contactando a Laiasw08@gmail.com\u00a0, soporte atenci\u00f3n al cliente 24-7-365 d\u00edas\u00a0<\/p>\n<p>SECCI\u00d3N 3 \u2013 DIVULGACI\u00d3N<\/p>\n<p>Podemos divulgar tu informaci\u00f3n personal si se nos requiere por ley o si violas nuestros T\u00e9rminos de Servicio.\u00a0<\/p>\n<p>SECCI\u00d3N 4 \u2013 COMPRAR\u00a0<\/p>\n<p>Nuestra tienda se encuentra alojada en Shopify Inc. Ellos tienen la plataforma de comercio electr\u00f3nico en l\u00ednea que nos permite vender nuestros productos y servicios.\u00a0<\/p>\n<p>Tus datos se almacenan en el almacenamiento de datos de Shopify, bases de datos y la aplicaci\u00f3n general de Shopify.\u00a0Tus datos se almacenan en un servidor seguro detr\u00e1s de un firewall.\u00a0<\/p>\n<p>Pago:\u00a0<\/p>\n<p>Si eliges una pasarela de pago directo para completar tu compra, entonces Shopify almacena datos de tu tarjeta de cr\u00e9dito.\u00a0Est\u00e1 cifrada a trav\u00e9s de la Seguridad Est\u00e1ndar de Datos de la Industria de Tarjetas de Pago (PCI-DSS).Tus datos de manipulaci\u00f3n de compra se almacenan s\u00f3lo en la medida en que sea necesario para completar la manipulaci\u00f3n de compra.\u00a0Despu\u00e9s de que se haya completado, se borra la informaci\u00f3n de su evoluci\u00f3n de compra.\u00a0<\/p>\n<p>Todas las pasarelas de pago directo se adhieren a los par\u00e1metros establecidos por PCI-DSS como lo indicado por el Consejo de Normas de Seguridad de PCI, que es un esfuerzo conjunto de marcas como Visa, MasterCard, American Express y Discover.\u00a0<\/p>\n<p>Los requisitos del PCI-DSS ayudan al manejo seguro de la informaci\u00f3n de tarjetas de cr\u00e9dito de las tiendas y sus proveedores de servicios.\u00a0<\/p>\n<p>Para una visi\u00f3n m\u00e1s clara, es posible que tambi\u00e9n desees leer las Condiciones de servicio de Shopify aqu\u00ed o Declaraci\u00f3n de privacidad aqu\u00ed.\u00a0<\/p>\n<p>SECCI\u00d3N 5 \u2013 SERVICIOS DE TERCERAS PARTES<\/p>\n<p>En general, los proveedores de terceras partes usadas por nosotros solo recopilar\u00e1n, usar\u00e1n y divulgar\u00e1n su informaci\u00f3n en la medida que sea necesaria para que puedan realizar los servicios que nos proveen.\u00a0<\/p>\n<p>Sin embargo, algunos proveedores de servicios de terceros, tales como pasarelas de pago y otros procesadores de transacciones de pago, tienen sus propias pol\u00edticas de privacidad con respecto a la informaci\u00f3n que estamos obligados a proporcionar para las transacciones relacionadas con las compras.\u00a0<\/p>\n<p>Para estos proveedores, te recomendamos que leas las pol\u00edticas de privacidad para que puedas entender la manera en que tu informaci\u00f3n personal ser\u00e1 manejada.<\/p>\n<p>En particular, recuerda que algunos proveedores pueden estar ubicados o contar con instalaciones que se encuentran en una jurisdicci\u00f3n diferente a ti o nosotros.\u00a0As\u00ed que si desea proceder con una necesidad que involucra los servicios de un proveedor a terceros, su informaci\u00f3n puede estar sujeta a las leyes de la jurisdicci\u00f3n (jurisdicciones) en que se encuentra el proveedor de servicios o sus instalaciones.\u00a0<\/p>\n<p>Un modo de ejemplo, si se encuentra en Canad\u00e1 y su b\u00fasqueda es procesada por una pasarela de pago con sede en Estados Unidos, entonces su informaci\u00f3n personal para completar la identificaci\u00f3n puede ser sujeto de divulgaci\u00f3n en virtud de la legislaci\u00f3n de Estados Unidos, incluida La Ley Patriota<\/p>\n<p>Una vez que abandona el sitio web de nuestra tienda o dirige un sitio o aplicaci\u00f3n de terceros, ya no est\u00e1s siendo regulados por la presente Pol\u00edtica de privacidad o los T\u00e9rminos de servicio de nuestra p\u00e1gina web.\u00a0<\/p>\n<p>Enlaces\u00a0<\/p>\n<p>Cuando haces clic en enlaces de nuestra tienda, puedes que seas redireccionado fuera de nuestro sitio.\u00a0No somos responsables por las pr\u00e1cticas de privacidad de otros sitios y te recomendamos leer sus normas de privacidad.\u00a0<\/p>\n<p>SECCI\u00d3N 6 \u2013 SEGURIDAD\u00a0<\/p>\n<p>Para proteger su informaci\u00f3n personal, tomamos precauciones razonables y seguimos las mejores pr\u00e1cticas de la industria para asegurarnos de que no haya p\u00e9rdida de manera inadecuada, mal uso, acceso, divulgaci\u00f3n, alteraci\u00f3n o destrucci\u00f3n de la misma.<\/p>\n<p>Si nos proporciona la informaci\u00f3n de su tarjeta de cr\u00e9dito, dicha informaci\u00f3n es encriptada mediante la tecnolog\u00eda Secure Socket Layer (SSL) y se almacena con un cifrado AES-256.\u00a0Aunque ning\u00fan m\u00e9todo de transmisi\u00f3n a trav\u00e9s de Internet o de almacenamiento electr\u00f3nico es 100% seguro, seguimos todos los requisitos de PCI-DSS e implementamos normas adicionales aceptadas por la industria.\u00a0<\/p>\n<\/div>\n<p>COOKIES\u00a0<\/p>\n<p>Aqu\u00ed tienes una lista de cookies que utilizamos.\u00a0Las enlistamos para que puedas elegir si quieres optar por quitarlas o no.\u00a0<\/p>\n<p>_session_id, token \u00fanico, de sesi\u00f3n, permite que Shopify almacene informaci\u00f3n sobre su sesi\u00f3n (referencia, p\u00e1gina de inicio, etc.).<\/p>\n<p>_shopify_visit, sin datos retenidos, persistente durante 30 minutos desde la \u00faltima visita, utilizado por el rastreador de estad\u00edsticas interno de nuestro proveedor de sitio web para registrar el n\u00famero de visitas\u00a0<\/p>\n<p>_shopify_uniq, sin datos retenidos, caduca a la medianoche (en relaci\u00f3n con el visitante ) del d\u00eda siguiente, cuenta el n\u00famero de visitas a una tienda por un solo cliente.\u00a0<\/p>\n<p>carrito, token \u00fanico, persistente durante 2 semanas, almacena informaci\u00f3n sobre el contenido de su carrito.\u00a0<\/p>\n<p>_secure_session_id, token \u00fanico, sessional\u00a0<\/p>\n<p>storefront_digest, token \u00fanico, indefinido Si la tienda tiene una contrase\u00f1a, esta se usa para determinar si el visitante actual tiene acceso.\u00a0<\/p>\n<p>SECCI\u00d3N 7 \u2013 EDAD DE CONSENTIMIENTO<\/p>\n<p>Al utilizar este sitio, declara que tienes al menos la mayor\u00eda de edad en tu estado o provincia de residencia, o que tienes la mayor\u00eda de edad en tu estado o provincia de residencia y que nos has dado tu consentimiento para permitir que cualquiera de tus dependientes menores usan este sitio.\u00a0<\/p>\n<p>SECCI\u00d3N 8 \u2013 CAMBIOS A ESTA POL\u00cdTICA DE PRIVACIDAD\u00a0<\/p>\n<p>Nos reservamos el derecho de modificar esta pol\u00edtica de privacidad en cualquier momento, as\u00ed que por favor rev\u00edsala frecuente.\u00a0Cambios y aclaraciones entrar\u00e1n en vigencia inmediatamente despu\u00e9s de su publicaci\u00f3n en el sitio web.Si hacemos cambios materiales a esta pol\u00edtica, notifiquemos aqu\u00ed que ha sido actualizado, por lo que est\u00e1 enterado de qu\u00e9 informaci\u00f3n recopilamos, c\u00f3mo y bajo qu\u00e9 circunstancias, si las hubiere, las utilizamos y \/ o divulgamos.\u00a0<\/p>\n<p>Si nuestra tienda es adquirida o fusionada con otra empresa, su informaci\u00f3n puede ser transferida a los nuevos propietarios, para que podamos seguir vendiendo productos.<\/p>\n<p class=\"gmail-p2\">T\u00e9rminos y condiciones de marketing de texto:\u00a0<br \/>estamos utilizando una plataforma de mensajes de texto, que est\u00e1 sujeta a los siguientes t\u00e9rminos y condiciones.\u00a0\u00a0Al optar por nuestro marketing de texto y notificaciones, acepta estos t\u00e9rminos y condiciones.\u00a0<br \/>Al ingresar su n\u00famero de tel\u00e9fono en el proceso de pago e inicializar una compra, suscribirse a trav\u00e9s de nuestro formulario de suscripci\u00f3n o una palabra clave, acepta que le enviemos notificaciones de texto (para su pedido, incluidos recordatorios de carritos abandonados) y ofertas de marketing de texto.\u00a0\u00a0Usted reconoce que el consentimiento no es una condici\u00f3n para ninguna compra.<br \/>Su n\u00famero de tel\u00e9fono, nombre e informaci\u00f3n de compra se comparte con nuestra plataforma de SMS \u201cSMSBump Inc, una empresa de la Uni\u00f3n Europea con oficina en Sof\u00eda, Bulgaria, UE. Estos datos se utilizar\u00e1n para enviar mensajes y notificaciones de marketing espec\u00edficas. env\u00ede el texto mensajes, su n\u00famero de tel\u00e9fono se pasar\u00e1 a un operador de mensajes de texto para completar su entrega.<br \/>Si desea cancelar la suscripci\u00f3n de recibir mensajes de marketing de texto y notificaciones, responder con STOP a cualquier mensaje m\u00f3vil enviado por nosotros o utilizar el enlace para cancelar la suscripci\u00f3n que le proporcionamos en cualquiera de nuestros mensajes.\u00a0Usted comprende y acepta los m\u00e9todos alternativos de exclusi\u00f3n, como el uso de palabras o solicitudes alternativas, sin considerar como un medio razonable de exclusi\u00f3n.\u00a0Se pueden aplicar tarifas de mensajes y datos.\u00a0<br \/>Para cualquier pregunta, env\u00ede un mensaje de texto con la palabra \u201cAYUDA\u201d al n\u00famero del mensaje recibido.\u00a0\u00a0Tambi\u00e9n puede contactarnos para m\u00e1s informaci\u00f3n.\u00a0\u00a0Si desea optar por no participar, siga los procedimientos anteriores.\u00a0<br \/>PREGUNTAS E INFORMACI\u00d3N DE CONTACTO<\/p>\n<div class=\"gmail-text-body gmail-mb-5\">Al continuar con las actualizaciones de env\u00edo, usted acepta la Pol\u00edtica de privacidad y acepta recibir SMS \/ textos recurrentes para confirmaciones de pedidos, ofertas exclusivas y acceso anticipado a nuevos productos.\u00a0\u00a0No necesita dar su consentimiento para continuar comprando.\u00a0\u00a0Puede darse de baja en cualquier momento.\u00a0\u00a0Se consideraron tarifas de mensajes y datos est\u00e1ndar.\u00a0\u00a0Ver pol\u00edtica de privacidad y ToS.<\/div>\n<div class=\"gmail-text-body gmail-mb-5\">\u00a0<\/div>\n<div class=\"gmail-text-body gmail-mb-5\">Marketing de texto y notificaciones: al suscribirse a las notificaciones de texto, usted acepta recibir mensajes de marketing autom\u00e1ticos recurrentes en el n\u00famero de tel\u00e9fono proporcionado.\u00a0El consentimiento no es una condici\u00f3n de compra.\u00a0Responda STOP para cancelar la suscripci\u00f3n.\u00a0AYUDA para ayuda.\u00a0Se pueden aplicar tarifas de mensajes y datos.\u00a0M\u00e1s informaci\u00f3n ve la Pol\u00edtica de privacidad y ToS<\/div>\n<p class=\"gmail-p2\"><br \/>Si quieres: Acceder, Corregir, enmendar o borrar cualquier informaci\u00f3n personal Que poseamos Sobre ti, registrador Una queja, o simplemente Quieres m\u00e1s informaci\u00f3n contacta a nuestro Oficial de Cumplimiento de Privacidad Laiasw08@gmail.com<\/p>\n<\/div>\n<p>Ernestina Gordillo Duque<br \/>DNI: 23951348A<br \/>Calle Guillermo Roch 51B Puerta 19<br \/>46185 Pobla de vallbona ( Valencia)<br \/>673697361<\/p>\n<!-- \/wp:paragraph -->\t\t\t\t\t\t<\/div>\n\t\t\t\t<\/div>\n\t\t\t\t<section class=\"elementor-section elementor-inner-section elementor-element elementor-element-22650b18 elementor-section-full_width elementor-section-height-default elementor-section-height-default\" data-id=\"22650b18\" data-element_type=\"section\">\n\t\t\t\t\t\t<div class=\"elementor-container elementor-column-gap-default\">\n\t\t\t\t\t<div class=\"aux-parallax-section elementor-column elementor-col-33 elementor-inner-column elementor-element elementor-element-65061667 animated-slow elementor-invisible\" data-id=\"65061667\" data-element_type=\"column\" data-settings=\"{&quot;background_background&quot;:&quot;classic&quot;,&quot;animation&quot;:&quot;fadeInLeft&quot;}\">\n\t\t\t<div class=\"elementor-widget-wrap elementor-element-populated\">\n\t\t\t\t\t\t<div class=\"elementor-element elementor-element-f80fe87 elementor-widget elementor-widget-spacer\" data-id=\"f80fe87\" data-element_type=\"widget\" data-widget_type=\"spacer.default\">\n\t\t\t\t<div class=\"elementor-widget-container\">\n\t\t\t\t\t<div class=\"elementor-spacer\">\n\t\t\t<div class=\"elementor-spacer-inner\"><\/div>\n\t\t<\/div>\n\t\t\t\t<\/div>\n\t\t\t\t<\/div>\n\t\t\t\t\t<\/div>\n\t\t<\/div>\n\t\t\t\t<div class=\"aux-parallax-section elementor-column elementor-col-33 elementor-inner-column elementor-element elementor-element-7fbca9c0 animated-slow elementor-invisible\" data-id=\"7fbca9c0\" data-element_type=\"column\" data-settings=\"{&quot;background_background&quot;:&quot;classic&quot;,&quot;animation&quot;:&quot;fadeInUp&quot;}\">\n\t\t\t<div class=\"elementor-widget-wrap elementor-element-populated\">\n\t\t\t\t\t\t<div class=\"elementor-element elementor-element-82799b9 elementor-widget elementor-widget-spacer\" data-id=\"82799b9\" data-element_type=\"widget\" data-widget_type=\"spacer.default\">\n\t\t\t\t<div class=\"elementor-widget-container\">\n\t\t\t\t\t<div class=\"elementor-spacer\">\n\t\t\t<div class=\"elementor-spacer-inner\"><\/div>\n\t\t<\/div>\n\t\t\t\t<\/div>\n\t\t\t\t<\/div>\n\t\t\t\t\t<\/div>\n\t\t<\/div>\n\t\t\t\t<div class=\"aux-parallax-section elementor-column elementor-col-33 elementor-inner-column elementor-element elementor-element-5c7028c6 animated-slow elementor-invisible\" data-id=\"5c7028c6\" data-element_type=\"column\" data-settings=\"{&quot;background_background&quot;:&quot;classic&quot;,&quot;animation&quot;:&quot;fadeInRight&quot;}\">\n\t\t\t<div class=\"elementor-widget-wrap elementor-element-populated\">\n\t\t\t\t\t\t<div class=\"elementor-element elementor-element-43bc0951 elementor-widget elementor-widget-spacer\" data-id=\"43bc0951\" data-element_type=\"widget\" data-widget_type=\"spacer.default\">\n\t\t\t\t<div class=\"elementor-widget-container\">\n\t\t\t\t\t<div class=\"elementor-spacer\">\n\t\t\t<div class=\"elementor-spacer-inner\"><\/div>\n\t\t<\/div>\n\t\t\t\t<\/div>\n\t\t\t\t<\/div>\n\t\t\t\t\t<\/div>\n\t\t<\/div>\n\t\t\t\t\t<\/div>\n\t\t<\/section>\n\t\t\t\t\t<\/div>\n\t\t<\/div>\n\t\t\t\t\t<\/div>\n\t\t<\/section>\n\t\t\t\t<\/div>\n\t\t","protected":false},"excerpt":{"rendered":"<p>SECCI\u00d3N 1 \u2013 \u00bfQU\u00c9 HACEMOS CON TU INFORMACI\u00d3N?\u00a0 Cuando compras algo de nuestra tienda, como parte del proceso de compra venta, nosotros recolectamos la informaci\u00f3n personal que nos da\u00a0 cuentos como nombre, direcci\u00f3n y correo electr\u00f3nico.\u00a0 Cuando navegas en nuestra tienda, tambi\u00e9n recibimos de manera autom\u00e1tica la direcci\u00f3n de protocolo de internet de tu computadora [&hellip;]<\/p>\n","protected":false},"author":1,"featured_media":0,"parent":0,"menu_order":0,"comment_status":"closed","ping_status":"open","template":"elementor_header_footer","meta":{"footnotes":""},"class_list":["post-3","page","type-page","status-publish","hentry"],"aioseo_notices":[],"_links":{"self":[{"href":"https:\/\/laiaswimwear.com\/index.php\/wp-json\/wp\/v2\/pages\/3","targetHints":{"allow":["GET"]}}],"collection":[{"href":"https:\/\/laiaswimwear.com\/index.php\/wp-json\/wp\/v2\/pages"}],"about":[{"href":"https:\/\/laiaswimwear.com\/index.php\/wp-json\/wp\/v2\/types\/page"}],"author":[{"embeddable":true,"href":"https:\/\/laiaswimwear.com\/index.php\/wp-json\/wp\/v2\/users\/1"}],"replies":[{"embeddable":true,"href":"https:\/\/laiaswimwear.com\/index.php\/wp-json\/wp\/v2\/comments?post=3"}],"version-history":[{"count":0,"href":"https:\/\/laiaswimwear.com\/index.php\/wp-json\/wp\/v2\/pages\/3\/revisions"}],"wp:attachment":[{"href":"https:\/\/laiaswimwear.com\/index.php\/wp-json\/wp\/v2\/media?parent=3"}],"curies":[{"name":"wp","href":"https:\/\/api.w.org\/{rel}","templated":true}]}}